{"id":5444,"date":"2025-10-13T12:24:49","date_gmt":"2025-10-13T12:24:49","guid":{"rendered":"https:\/\/dev.piero.bg\/robotische-geschaeftsloesungen\/"},"modified":"2025-11-06T09:22:24","modified_gmt":"2025-11-06T09:22:24","slug":"robotische-geschaeftsloesungen","status":"publish","type":"page","link":"https:\/\/www.piero.bg\/de\/robotische-geschaeftsloesungen","title":{"rendered":"Robotische Gesch\u00e4ftsl\u00f6sungen"},"content":{"rendered":"\t\t<div data-elementor-type=\"wp-page\" data-elementor-id=\"5444\" class=\"elementor elementor-5444 elementor-4686\">\n\t\t\t\t<div class=\"elementor-element elementor-element-0e8d5d3 e-con-full e-flex e-con e-parent\" data-id=\"0e8d5d3\" data-element_type=\"container\" data-e-type=\"container\" data-settings=\"{&quot;background_background&quot;:&quot;classic&quot;,&quot;jet_parallax_layout_list&quot;:[]}\">\n\t\t<div class=\"elementor-element elementor-element-cd8e723 e-con-full e-flex e-con e-child\" data-id=\"cd8e723\" data-element_type=\"container\" data-e-type=\"container\" data-settings=\"{&quot;jet_parallax_layout_list&quot;:[]}\">\n\t\t\t\t<div class=\"elementor-element elementor-element-7f5c823 elementor-icon-list--layout-traditional elementor-list-item-link-full_width elementor-widget elementor-widget-icon-list\" data-id=\"7f5c823\" data-element_type=\"widget\" data-e-type=\"widget\" data-widget_type=\"icon-list.default\">\n\t\t\t\t<div class=\"elementor-widget-container\">\n\t\t\t\t\t\t\t<ul class=\"elementor-icon-list-items\">\n\t\t\t\t\t\t\t<li class=\"elementor-icon-list-item\">\n\t\t\t\t\t\t\t\t\t\t<span class=\"elementor-icon-list-text\">KATEGORIE<\/span>\n\t\t\t\t\t\t\t\t\t<\/li>\n\t\t\t\t\t\t<\/ul>\n\t\t\t\t\t\t<\/div>\n\t\t\t\t<\/div>\n\t\t\t\t<div class=\"elementor-element elementor-element-205609c elementor-widget elementor-widget-heading\" data-id=\"205609c\" data-element_type=\"widget\" data-e-type=\"widget\" data-widget_type=\"heading.default\">\n\t\t\t\t<div class=\"elementor-widget-container\">\n\t\t\t\t\t<h1 class=\"elementor-heading-title elementor-size-default\">ROBOTERL\u00d6SUNGEN<\/h1>\t\t\t\t<\/div>\n\t\t\t\t<\/div>\n\t\t\t\t<div class=\"elementor-element elementor-element-2b8bdee elementor-icon-list--layout-traditional elementor-list-item-link-full_width elementor-widget elementor-widget-icon-list\" data-id=\"2b8bdee\" data-element_type=\"widget\" data-e-type=\"widget\" data-widget_type=\"icon-list.default\">\n\t\t\t\t<div class=\"elementor-widget-container\">\n\t\t\t\t\t\t\t<ul class=\"elementor-icon-list-items\">\n\t\t\t\t\t\t\t<li class=\"elementor-icon-list-item\">\n\t\t\t\t\t\t\t\t\t\t\t<span class=\"elementor-icon-list-icon\">\n\t\t\t\t\t\t\t<svg aria-hidden=\"true\" class=\"e-font-icon-svg e-fas-square-full\" viewBox=\"0 0 512 512\" xmlns=\"http:\/\/www.w3.org\/2000\/svg\"><path d=\"M512 512H0V0h512v512z\"><\/path><\/svg>\t\t\t\t\t\t<\/span>\n\t\t\t\t\t\t\t\t\t\t<span class=\"elementor-icon-list-text\">PRODUKTKATALOG F\u00dcR DAS GESCH\u00c4FT<\/span>\n\t\t\t\t\t\t\t\t\t<\/li>\n\t\t\t\t\t\t<\/ul>\n\t\t\t\t\t\t<\/div>\n\t\t\t\t<\/div>\n\t\t\t\t<\/div>\n\t\t<div class=\"jet-tricks-particles-section elementor-element elementor-element-fa49682 e-con-full e-flex e-con e-child\" data-id=\"fa49682\" data-element_type=\"container\" data-e-type=\"container\" data-settings=\"{&quot;jet_parallax_layout_list&quot;:[]}\">\n\t\t\t\t<div class=\"elementor-element elementor-element-689e200 elementor-hidden-tablet elementor-hidden-mobile elementor-widget elementor-widget-jet-button\" data-id=\"689e200\" data-element_type=\"widget\" data-e-type=\"widget\" data-widget_type=\"jet-button.default\">\n\t\t\t\t<div class=\"elementor-widget-container\">\n\t\t\t\t\t<div class=\"elementor-jet-button jet-elements\"><div class=\"jet-button__container\">\n\t<a class=\"jet-button__instance jet-button__instance--icon-left hover-effect-0\" href=\"https:\/\/www.piero.bg\/de\/kontakte\/\">\n\t\t<div class=\"jet-button__plane jet-button__plane-normal\"><\/div>\n\t\t<div class=\"jet-button__plane jet-button__plane-hover\"><\/div>\n\t\t<div class=\"jet-button__state jet-button__state-normal\">\n\t\t\t<span class=\"jet-button__label\">Fordern Sie Ihre Beratung an!<\/span>\t\t<\/div>\n\t\t<div class=\"jet-button__state jet-button__state-hover\">\n\t\t\t<span class=\"jet-button__label\">Fordern Sie Ihre Beratung an!<\/span>\t\t<\/div>\n\t<\/a>\n<\/div>\n<\/div>\t\t\t\t<\/div>\n\t\t\t\t<\/div>\n\t\t\t\t<\/div>\n\t\t\t\t<\/div>\n\t\t<div class=\"elementor-element elementor-element-e5b7a4a e-con-full e-flex e-con e-parent\" data-id=\"e5b7a4a\" data-element_type=\"container\" data-e-type=\"container\" data-settings=\"{&quot;jet_parallax_layout_list&quot;:[]}\">\n\t\t<div class=\"elementor-element elementor-element-274ba14 e-con-full e-flex e-con e-child\" data-id=\"274ba14\" data-element_type=\"container\" data-e-type=\"container\" data-settings=\"{&quot;jet_parallax_layout_list&quot;:[]}\">\n\t\t<div class=\"elementor-element elementor-element-7c6e1f6 e-con-full e-flex e-con e-child\" data-id=\"7c6e1f6\" data-element_type=\"container\" data-e-type=\"container\" data-settings=\"{&quot;background_background&quot;:&quot;classic&quot;,&quot;jet_parallax_layout_list&quot;:[]}\">\n\t\t<div class=\"elementor-element elementor-element-6fe072f e-con-full blurbox e-flex e-con e-child\" data-id=\"6fe072f\" data-element_type=\"container\" data-e-type=\"container\" data-settings=\"{&quot;background_background&quot;:&quot;classic&quot;,&quot;jet_parallax_layout_list&quot;:[]}\">\n\t\t\t\t<div class=\"elementor-element elementor-element-678b18e elementor-widget elementor-widget-heading\" data-id=\"678b18e\" data-element_type=\"widget\" data-e-type=\"widget\" data-widget_type=\"heading.default\">\n\t\t\t\t<div class=\"elementor-widget-container\">\n\t\t\t\t\t<h2 class=\"elementor-heading-title elementor-size-default\">Sushi-Roboter<\/h2>\t\t\t\t<\/div>\n\t\t\t\t<\/div>\n\t\t\t\t<div class=\"elementor-element elementor-element-2ff7fe4 elementor-widget__width-initial elementor-widget elementor-widget-text-editor\" data-id=\"2ff7fe4\" data-element_type=\"widget\" data-e-type=\"widget\" data-widget_type=\"text-editor.default\">\n\t\t\t\t<div class=\"elementor-widget-container\">\n\t\t\t\t\t\t\t\t\t<p>Innovation in der Sushi-Kunst.<\/p>\t\t\t\t\t\t\t\t<\/div>\n\t\t\t\t<\/div>\n\t\t\t\t<div class=\"elementor-element elementor-element-d8c4b52 elementor-widget elementor-widget-button\" data-id=\"d8c4b52\" data-element_type=\"widget\" data-e-type=\"widget\" data-widget_type=\"button.default\">\n\t\t\t\t<div class=\"elementor-widget-container\">\n\t\t\t\t\t\t\t\t\t<div class=\"elementor-button-wrapper\">\n\t\t\t\t\t<a class=\"elementor-button elementor-button-link elementor-size-sm\" href=\"https:\/\/www.piero.bg\/aziatska-kuhnya\/sushi\/\">\n\t\t\t\t\t\t<span class=\"elementor-button-content-wrapper\">\n\t\t\t\t\t\t<span class=\"elementor-button-icon\">\n\t\t\t\t<svg xmlns=\"http:\/\/www.w3.org\/2000\/svg\" xmlns:xlink=\"http:\/\/www.w3.org\/1999\/xlink\" xmlns:svgjs=\"http:\/\/svgjs.dev\/svgjs\" fill=\"none\" height=\"300\" viewBox=\"0 0 24 24\" width=\"300\"><g width=\"100%\" height=\"100%\" transform=\"matrix(1,0,0,1,0,0)\"><path d=\"m17 6c-.6 0-1 .4-1 1v7.6l-8.3-8.3c-.4-.4-1-.4-1.4 0s-.4 1 0 1.4l8.3 8.3h-7.6c-.6 0-1 .4-1 1s.4 1 1 1h10c.6 0 1-.4 1-1v-10c0-.6-.4-1-1-1z\" fill=\"#ffffff\" fill-opacity=\"1\" data-original-color=\"#000000ff\" stroke=\"none\" stroke-opacity=\"1\"><\/path><\/g><\/svg>\t\t\t<\/span>\n\t\t\t\t\t\t\t\t\t<span class=\"elementor-button-text\">KATALOG ANSEHEN<\/span>\n\t\t\t\t\t<\/span>\n\t\t\t\t\t<\/a>\n\t\t\t\t<\/div>\n\t\t\t\t\t\t\t\t<\/div>\n\t\t\t\t<\/div>\n\t\t\t\t<\/div>\n\t\t\t\t<\/div>\n\t\t<div class=\"elementor-element elementor-element-c9bfadb e-con-full e-flex e-con e-child\" data-id=\"c9bfadb\" data-element_type=\"container\" data-e-type=\"container\" data-settings=\"{&quot;background_background&quot;:&quot;classic&quot;,&quot;jet_parallax_layout_list&quot;:[]}\">\n\t\t<div class=\"elementor-element elementor-element-19fdb58 e-con-full blurbox e-flex e-con e-child\" data-id=\"19fdb58\" data-element_type=\"container\" data-e-type=\"container\" data-settings=\"{&quot;background_background&quot;:&quot;classic&quot;,&quot;jet_parallax_layout_list&quot;:[]}\">\n\t\t\t\t<div class=\"elementor-element elementor-element-6f309f7 elementor-widget elementor-widget-heading\" data-id=\"6f309f7\" data-element_type=\"widget\" data-e-type=\"widget\" data-widget_type=\"heading.default\">\n\t\t\t\t<div class=\"elementor-widget-container\">\n\t\t\t\t\t<h2 class=\"elementor-heading-title elementor-size-default\">Service und Lieferung<\/h2>\t\t\t\t<\/div>\n\t\t\t\t<\/div>\n\t\t\t\t<div class=\"elementor-element elementor-element-257af6a elementor-widget__width-initial elementor-widget elementor-widget-text-editor\" data-id=\"257af6a\" data-element_type=\"widget\" data-e-type=\"widget\" data-widget_type=\"text-editor.default\">\n\t\t\t\t<div class=\"elementor-widget-container\">\n\t\t\t\t\t\t\t\t\t<p>Schneller, pr\u00e4ziser und reibungsloser Service.<\/p>\t\t\t\t\t\t\t\t<\/div>\n\t\t\t\t<\/div>\n\t\t\t\t<div class=\"elementor-element elementor-element-c130271 elementor-widget elementor-widget-button\" data-id=\"c130271\" data-element_type=\"widget\" data-e-type=\"widget\" data-widget_type=\"button.default\">\n\t\t\t\t<div class=\"elementor-widget-container\">\n\t\t\t\t\t\t\t\t\t<div class=\"elementor-button-wrapper\">\n\t\t\t\t\t<a class=\"elementor-button elementor-button-link elementor-size-sm\" href=\"https:\/\/www.piero.bg\/avtonomni-roboti\/\">\n\t\t\t\t\t\t<span class=\"elementor-button-content-wrapper\">\n\t\t\t\t\t\t<span class=\"elementor-button-icon\">\n\t\t\t\t<svg xmlns=\"http:\/\/www.w3.org\/2000\/svg\" xmlns:xlink=\"http:\/\/www.w3.org\/1999\/xlink\" xmlns:svgjs=\"http:\/\/svgjs.dev\/svgjs\" fill=\"none\" height=\"300\" viewBox=\"0 0 24 24\" width=\"300\"><g width=\"100%\" height=\"100%\" transform=\"matrix(1,0,0,1,0,0)\"><path d=\"m17 6c-.6 0-1 .4-1 1v7.6l-8.3-8.3c-.4-.4-1-.4-1.4 0s-.4 1 0 1.4l8.3 8.3h-7.6c-.6 0-1 .4-1 1s.4 1 1 1h10c.6 0 1-.4 1-1v-10c0-.6-.4-1-1-1z\" fill=\"#ffffff\" fill-opacity=\"1\" data-original-color=\"#000000ff\" stroke=\"none\" stroke-opacity=\"1\"><\/path><\/g><\/svg>\t\t\t<\/span>\n\t\t\t\t\t\t\t\t\t<span class=\"elementor-button-text\">KATALOG ANSEHEN<\/span>\n\t\t\t\t\t<\/span>\n\t\t\t\t\t<\/a>\n\t\t\t\t<\/div>\n\t\t\t\t\t\t\t\t<\/div>\n\t\t\t\t<\/div>\n\t\t\t\t<\/div>\n\t\t\t\t<\/div>\n\t\t<div class=\"elementor-element elementor-element-4b7d905 e-con-full e-flex e-con e-child\" data-id=\"4b7d905\" data-element_type=\"container\" data-e-type=\"container\" data-settings=\"{&quot;background_background&quot;:&quot;classic&quot;,&quot;jet_parallax_layout_list&quot;:[]}\">\n\t\t<div class=\"elementor-element elementor-element-714ba8f e-con-full blurbox e-flex e-con e-child\" data-id=\"714ba8f\" data-element_type=\"container\" data-e-type=\"container\" data-settings=\"{&quot;background_background&quot;:&quot;classic&quot;,&quot;jet_parallax_layout_list&quot;:[]}\">\n\t\t\t\t<div class=\"elementor-element elementor-element-f9936d8 elementor-widget elementor-widget-heading\" data-id=\"f9936d8\" data-element_type=\"widget\" data-e-type=\"widget\" data-widget_type=\"heading.default\">\n\t\t\t\t<div class=\"elementor-widget-container\">\n\t\t\t\t\t<h2 class=\"elementor-heading-title elementor-size-default\">Reinigungsroboter<\/h2>\t\t\t\t<\/div>\n\t\t\t\t<\/div>\n\t\t\t\t<div class=\"elementor-element elementor-element-b713ae7 elementor-widget__width-initial elementor-widget elementor-widget-text-editor\" data-id=\"b713ae7\" data-element_type=\"widget\" data-e-type=\"widget\" data-widget_type=\"text-editor.default\">\n\t\t\t\t<div class=\"elementor-widget-container\">\n\t\t\t\t\t\t\t\t\t<p>Professionelle Reinigungsroboter.<\/p>\t\t\t\t\t\t\t\t<\/div>\n\t\t\t\t<\/div>\n\t\t\t\t<div class=\"elementor-element elementor-element-f30d537 elementor-widget elementor-widget-button\" data-id=\"f30d537\" data-element_type=\"widget\" data-e-type=\"widget\" data-widget_type=\"button.default\">\n\t\t\t\t<div class=\"elementor-widget-container\">\n\t\t\t\t\t\t\t\t\t<div class=\"elementor-button-wrapper\">\n\t\t\t\t\t<a class=\"elementor-button elementor-button-link elementor-size-sm\" href=\"https:\/\/www.piero.bg\/produkti\/cc1-%d0%bf%d0%be%d1%87%d0%b8%d1%81%d1%82%d0%b2%d0%b0%d1%89-%d1%80%d0%be%d0%b1%d0%be%d1%82-%d0%be%d1%82-%d0%bd%d0%be%d0%b2%d0%be-%d0%bf%d0%be%d0%ba%d0%be%d0%bb%d0%b5%d0%bd%d0%b8%d0%b5\/\">\n\t\t\t\t\t\t<span class=\"elementor-button-content-wrapper\">\n\t\t\t\t\t\t<span class=\"elementor-button-icon\">\n\t\t\t\t<svg xmlns=\"http:\/\/www.w3.org\/2000\/svg\" xmlns:xlink=\"http:\/\/www.w3.org\/1999\/xlink\" xmlns:svgjs=\"http:\/\/svgjs.dev\/svgjs\" fill=\"none\" height=\"300\" viewBox=\"0 0 24 24\" width=\"300\"><g width=\"100%\" height=\"100%\" transform=\"matrix(1,0,0,1,0,0)\"><path d=\"m17 6c-.6 0-1 .4-1 1v7.6l-8.3-8.3c-.4-.4-1-.4-1.4 0s-.4 1 0 1.4l8.3 8.3h-7.6c-.6 0-1 .4-1 1s.4 1 1 1h10c.6 0 1-.4 1-1v-10c0-.6-.4-1-1-1z\" fill=\"#ffffff\" fill-opacity=\"1\" data-original-color=\"#000000ff\" stroke=\"none\" stroke-opacity=\"1\"><\/path><\/g><\/svg>\t\t\t<\/span>\n\t\t\t\t\t\t\t\t\t<span class=\"elementor-button-text\">KATALOG ANSEHEN<\/span>\n\t\t\t\t\t<\/span>\n\t\t\t\t\t<\/a>\n\t\t\t\t<\/div>\n\t\t\t\t\t\t\t\t<\/div>\n\t\t\t\t<\/div>\n\t\t\t\t<\/div>\n\t\t\t\t<\/div>\n\t\t\t\t<\/div>\n\t\t\t\t<\/div>\n\t\t\t\t<\/div>\n\t\t","protected":false},"excerpt":{"rendered":"<p>KATEGORIE ROBOTERL\u00d6SUNGEN PRODUKTKATALOG F\u00dcR DAS GESCH\u00c4FT Fordern Sie Ihre Beratung an! Fordern Sie Ihre Beratung an! Sushi-Roboter Innovation in der Sushi-Kunst. KATALOG ANSEHEN Service und Lieferung Schneller, pr\u00e4ziser und reibungsloser Service. KATALOG ANSEHEN Reinigungsroboter Professionelle Reinigungsroboter. KATALOG ANSEHEN<\/p>\n","protected":false},"author":1,"featured_media":0,"parent":0,"menu_order":0,"comment_status":"closed","ping_status":"closed","template":"","meta":{"footnotes":""},"class_list":["post-5444","page","type-page","status-publish","hentry"],"_links":{"self":[{"href":"https:\/\/www.piero.bg\/de\/wp-json\/wp\/v2\/pages\/5444","targetHints":{"allow":["GET"]}}],"collection":[{"href":"https:\/\/www.piero.bg\/de\/wp-json\/wp\/v2\/pages"}],"about":[{"href":"https:\/\/www.piero.bg\/de\/wp-json\/wp\/v2\/types\/page"}],"author":[{"embeddable":true,"href":"https:\/\/www.piero.bg\/de\/wp-json\/wp\/v2\/users\/1"}],"replies":[{"embeddable":true,"href":"https:\/\/www.piero.bg\/de\/wp-json\/wp\/v2\/comments?post=5444"}],"version-history":[{"count":0,"href":"https:\/\/www.piero.bg\/de\/wp-json\/wp\/v2\/pages\/5444\/revisions"}],"wp:attachment":[{"href":"https:\/\/www.piero.bg\/de\/wp-json\/wp\/v2\/media?parent=5444"}],"curies":[{"name":"wp","href":"https:\/\/api.w.org\/{rel}","templated":true}]}}